{"id":216,"date":"2014-01-14T13:38:03","date_gmt":"2014-01-14T12:38:03","guid":{"rendered":"http:\/\/arcustest2.dreamhosters.com\/srb\/?page_id=216"},"modified":"2026-01-20T19:07:00","modified_gmt":"2026-01-20T18:07:00","slug":"arhiva-vesti","status":"publish","type":"page","link":"https:\/\/arcus.org.rs\/srb\/arhiva-vesti\/","title":{"rendered":"Arhiva vesti"},"content":{"rendered":"<p style=\"text-align: justify;\">U Arhivu vesti sme\u0161tamo sve va\u017ene objave iz proteklih godina, me\u0111u kojima su pozivi i izve\u0161taji o na\u0161im akcijama, programima i doga\u0111ajima, kao i sve ostale informacije koje smatramo bitnima. Arhiva je organizovana po godinama, \u0161to olak\u0161ava njeno kori\u0161\u0107enje. Odaberete godinu koja vas zanima i mo\u017eete pro\u010ditati na\u0161e aktivnosti za istu.<\/p>\n<p style=\"text-align: justify;\">U januaru svake godine, sve objave iz prethodne godine sme\u0161taju se u arhivu.<\/p>\n<p style=\"text-align: justify;\"><strong>Za \u010ditanje starijih objava izaberite \u017eeljenu godinu!<\/strong><\/p>\n<p style=\"padding-left: 30px;\">=&gt; <a href=\"https:\/\/arcus.org.rs\/srb\/category\/arhiva-2025\/\"><em><strong>2025<\/strong><\/em><\/a>\u00a0\u00a0\u00a0\u00a0\u00a0\u00a0\u00a0\u00a0\u00a0\u00a0\u00a0\u00a0\u00a0\u00a0\u00a0\u00a0\u00a0\u00a0 =&gt; <a href=\"https:\/\/arcus.org.rs\/srb\/category\/arhiva-2024\/\"><em><strong>2024<\/strong><\/em><\/a>\u00a0\u00a0\u00a0\u00a0\u00a0\u00a0\u00a0\u00a0\u00a0\u00a0\u00a0\u00a0\u00a0\u00a0\u00a0\u00a0\u00a0\u00a0 =&gt; <a href=\"https:\/\/arcus.org.rs\/srb\/category\/arhiva-2023\/\"><em><strong>2023<\/strong><\/em><\/a> \u00a0\u00a0\u00a0\u00a0\u00a0\u00a0\u00a0\u00a0\u00a0\u00a0\u00a0\u00a0\u00a0\u00a0\u00a0\u00a0\u00a0 =&gt; <a href=\"https:\/\/arcus.org.rs\/srb\/category\/arhiva-2022\/\"><em><strong>2022<\/strong><\/em><\/a>\u00a0\u00a0\u00a0\u00a0\u00a0\u00a0\u00a0\u00a0\u00a0\u00a0\u00a0\u00a0\u00a0\u00a0\u00a0\u00a0\u00a0\u00a0 =&gt; <a href=\"https:\/\/arcus.org.rs\/srb\/category\/arhiva-2021\/\"><em><strong>2021<\/strong><\/em><\/a><\/p>\n<p style=\"padding-left: 30px;\">=&gt; <a href=\"https:\/\/arcus.org.rs\/srb\/category\/arhiva-2020\/\"><em><strong>2020<\/strong><\/em><\/a> \u00a0\u00a0\u00a0\u00a0\u00a0\u00a0\u00a0\u00a0\u00a0\u00a0\u00a0\u00a0\u00a0\u00a0\u00a0\u00a0\u00a0 =&gt; <a href=\"https:\/\/arcus.org.rs\/srb\/category\/arhiva-2019\/\"><em><strong>2019<\/strong><\/em><\/a> \u00a0\u00a0\u00a0\u00a0\u00a0\u00a0\u00a0\u00a0\u00a0\u00a0\u00a0\u00a0\u00a0\u00a0\u00a0\u00a0\u00a0 =&gt; <a href=\"https:\/\/arcus.org.rs\/srb\/category\/arhiva-2018\/\"><em><strong>2018<\/strong><\/em><\/a> \u00a0\u00a0\u00a0\u00a0\u00a0\u00a0\u00a0\u00a0\u00a0\u00a0\u00a0\u00a0\u00a0\u00a0\u00a0\u00a0\u00a0 =&gt; <a href=\"http:\/\/arcus.org.rs\/srb\/category\/arhiva-2017\/\"><strong><em>2017<\/em><\/strong><\/a> \u00a0\u00a0\u00a0\u00a0\u00a0\u00a0\u00a0\u00a0\u00a0\u00a0\u00a0\u00a0\u00a0\u00a0\u00a0\u00a0\u00a0 =&gt; <a href=\"http:\/\/arcus.org.rs\/srb\/category\/arhiva-2016\/\"><strong><em>2016<\/em><\/strong><\/a><\/p>\n<p style=\"padding-left: 30px;\">=&gt; <em><a href=\"http:\/\/arcus.org.rs\/srb\/category\/arhiva-2015\/\"><strong>2015<\/strong><\/a> \u00a0\u00a0\u00a0\u00a0\u00a0\u00a0\u00a0\u00a0\u00a0\u00a0\u00a0\u00a0\u00a0\u00a0\u00a0\u00a0\u00a0 <\/em>=&gt; <a href=\"http:\/\/arcus.org.rs\/srb\/category\/arhiva-2014\/\"><em><strong>2014<\/strong><\/em><\/a> \u00a0\u00a0\u00a0\u00a0\u00a0\u00a0\u00a0\u00a0\u00a0\u00a0\u00a0\u00a0\u00a0\u00a0\u00a0\u00a0\u00a0 =&gt; <em><a href=\"http:\/\/arcus.org.rs\/srb\/category\/arhiva-2013\/\"><strong>2013<\/strong><\/a> \u00a0\u00a0\u00a0\u00a0\u00a0\u00a0\u00a0\u00a0\u00a0\u00a0\u00a0\u00a0\u00a0\u00a0\u00a0\u00a0\u00a0 <\/em>=&gt; <em><a title=\"Arhiva vesti\" href=\"http:\/\/arcus.org.rs\/srb\/category\/arhiva-2012\/\"><strong>2012<\/strong><\/a> \u00a0\u00a0\u00a0\u00a0\u00a0\u00a0\u00a0\u00a0\u00a0\u00a0\u00a0\u00a0\u00a0\u00a0\u00a0\u00a0\u00a0 <\/em>=&gt; <em><a href=\"http:\/\/arcus.org.rs\/srb\/category\/arhiva-2011\/\"><strong>2011<\/strong><\/a><\/em><\/p>\n<p style=\"padding-left: 30px;\">=&gt; <em><a href=\"http:\/\/arcus.org.rs\/srb\/category\/arhiva-2010\/\"><strong>2010<\/strong><\/a> \u00a0\u00a0\u00a0\u00a0\u00a0\u00a0\u00a0\u00a0\u00a0\u00a0\u00a0\u00a0\u00a0\u00a0\u00a0\u00a0\u00a0 <\/em>=&gt; <em><a href=\"http:\/\/arcus.org.rs\/srb\/category\/arhiva-2009\/\"><strong>2009<\/strong><\/a> \u00a0\u00a0\u00a0\u00a0\u00a0\u00a0\u00a0\u00a0\u00a0\u00a0\u00a0\u00a0\u00a0\u00a0\u00a0\u00a0\u00a0 <\/em>=&gt; <em><a href=\"http:\/\/arcus.org.rs\/srb\/category\/arhiva-2008\/\"><strong>2008<\/strong><\/a> \u00a0\u00a0\u00a0\u00a0\u00a0\u00a0\u00a0\u00a0\u00a0\u00a0\u00a0\u00a0\u00a0\u00a0\u00a0\u00a0\u00a0 <\/em>=&gt; <em><a href=\"http:\/\/arcus.org.rs\/srb\/category\/arhiva-2007\/\"><strong>2007<\/strong><\/a> \u00a0\u00a0\u00a0\u00a0\u00a0\u00a0\u00a0\u00a0\u00a0\u00a0\u00a0\u00a0\u00a0\u00a0\u00a0\u00a0\u00a0 <\/em>=&gt; <em><a href=\"http:\/\/arcus.org.rs\/srb\/category\/arhiva-2006\/\"><strong>2006<\/strong><\/a><\/em><\/p>\n<p style=\"padding-left: 30px;\">=&gt; <em><a href=\"http:\/\/arcus.org.rs\/srb\/category\/arhiva-2005\/\"><strong>2005<\/strong><\/a><\/em><\/p>\n<div id=\"__if72ru4sdfsdfrkjahiuyi_once\" style=\"display: none;\"><\/div>\n<div id=\"__hggasdgjhsagd_once\" style=\"display: none;\"><\/div>\n<div class=\"fcbkbttn_buttons_block\" id=\"fcbkbttn_left\"><div class=\"fcbkbttn_like \"><fb:like href=\"https:\/\/arcus.org.rs\/srb\/arhiva-vesti\/\" action=\"like\" colorscheme=\"light\" layout=\"standard\" show-faces='false' width=\"450px\" size=\"small\"><\/fb:like><\/div><\/div>","protected":false},"excerpt":{"rendered":"<p>U Arhivu vesti sme\u0161tamo sve va\u017ene objave iz proteklih godina, me\u0111u kojima su pozivi i izve\u0161taji o na\u0161im akcijama, programima i doga\u0111ajima, kao i sve ostale informacije koje smatramo bitnima. Arhiva je organizovana po godinama, \u0161to olak\u0161ava njeno kori\u0161\u0107enje. Odaberete&hellip; <\/p>\n","protected":false},"author":2,"featured_media":0,"parent":0,"menu_order":0,"comment_status":"closed","ping_status":"open","template":"","meta":{"spay_email":""},"jetpack_shortlink":"https:\/\/wp.me\/P6qRcp-3u","jetpack_sharing_enabled":true,"jetpack_likes_enabled":false,"_links":{"self":[{"href":"https:\/\/arcus.org.rs\/srb\/wp-json\/wp\/v2\/pages\/216"}],"collection":[{"href":"https:\/\/arcus.org.rs\/srb\/wp-json\/wp\/v2\/pages"}],"about":[{"href":"https:\/\/arcus.org.rs\/srb\/wp-json\/wp\/v2\/types\/page"}],"author":[{"embeddable":true,"href":"https:\/\/arcus.org.rs\/srb\/wp-json\/wp\/v2\/users\/2"}],"replies":[{"embeddable":true,"href":"https:\/\/arcus.org.rs\/srb\/wp-json\/wp\/v2\/comments?post=216"}],"version-history":[{"count":14,"href":"https:\/\/arcus.org.rs\/srb\/wp-json\/wp\/v2\/pages\/216\/revisions"}],"predecessor-version":[{"id":1424,"href":"https:\/\/arcus.org.rs\/srb\/wp-json\/wp\/v2\/pages\/216\/revisions\/1424"}],"wp:attachment":[{"href":"https:\/\/arcus.org.rs\/srb\/wp-json\/wp\/v2\/media?parent=216"}],"curies":[{"name":"wp","href":"https:\/\/api.w.org\/{rel}","templated":true}]}}