{"id":267,"date":"2013-12-15T19:13:53","date_gmt":"2013-12-15T18:13:53","guid":{"rendered":"http:\/\/arcustest2.dreamhosters.com\/srb\/?page_id=267"},"modified":"2014-01-29T19:34:14","modified_gmt":"2014-01-29T18:34:14","slug":"partneri","status":"publish","type":"page","link":"https:\/\/arcus.org.rs\/srb\/partneri\/","title":{"rendered":"Partneri"},"content":{"rendered":"<h2 style=\"text-align: center;\">Muzej Ba\u010dke Topole<\/h2>\n<p><em>Mesto: Ba\u010dka Topola, Srbija<\/em><\/p>\n<p style=\"text-align: justify;\"><a href=\"http:\/\/arcustest2.dreamhosters.com\/srb\/wp-content\/uploads\/2013\/12\/muzeum.png\"><img loading=\"lazy\" class=\"alignleft  wp-image-271\" alt=\"Muzej Ba\u010dke Topole\" src=\"http:\/\/arcustest2.dreamhosters.com\/srb\/wp-content\/uploads\/2013\/12\/muzeum.png\" width=\"249\" height=\"200\" \/><\/a>Muzej Ba\u010dke Topole, kao ogranak Gradskog muzeja Subotica, otvoren je u septembru 2002. godine u ka\u0161telu porodice Krai sazidanom 1802. godine. U muzeju je postavljena stalna postavka koja obuhvata prirodnja\u010dku, arheolo\u0161ku, zavi\u010dajnu, knji\u017eevnu i umetni\u010dku zbirku. Na njoj je prikazan \u017eivi svet sa obala Krivaje, arheolo\u0161ki materijal iz kamenog doba, sarmatskog, avarskog i srednjovekovnog perioda. Posetioci tako\u0111e mogu da vide umetni\u010dka i knji\u017eevna dela vezana za Ba\u010dku Topolu. Tu se nalazi biblioteka arhitekte dr Imrea Harkaija i spomen-soba posve\u0107ena lekaru dr Jano\u0161u Had\u017eiju.<\/p>\n<div class=\"fcbkbttn_buttons_block\" id=\"fcbkbttn_left\"><div class=\"fcbkbttn_like \"><fb:like href=\"https:\/\/arcus.org.rs\/srb\/partneri\/\" action=\"like\" colorscheme=\"light\" layout=\"standard\" show-faces='false' width=\"450px\" size=\"small\"><\/fb:like><\/div><\/div>","protected":false},"excerpt":{"rendered":"<p>Muzej Ba\u010dke Topole Mesto: Ba\u010dka Topola, Srbija Muzej Ba\u010dke Topole, kao ogranak Gradskog muzeja Subotica, otvoren je u septembru 2002. godine u ka\u0161telu porodice Krai sazidanom 1802. godine. U muzeju je postavljena stalna postavka koja obuhvata prirodnja\u010dku, arheolo\u0161ku, zavi\u010dajnu, knji\u017eevnu&hellip; <\/p>\n","protected":false},"author":5,"featured_media":0,"parent":0,"menu_order":0,"comment_status":"closed","ping_status":"open","template":"","meta":{"spay_email":""},"jetpack_shortlink":"https:\/\/wp.me\/P6qRcp-4j","jetpack_sharing_enabled":true,"jetpack_likes_enabled":false,"_links":{"self":[{"href":"https:\/\/arcus.org.rs\/srb\/wp-json\/wp\/v2\/pages\/267"}],"collection":[{"href":"https:\/\/arcus.org.rs\/srb\/wp-json\/wp\/v2\/pages"}],"about":[{"href":"https:\/\/arcus.org.rs\/srb\/wp-json\/wp\/v2\/types\/page"}],"author":[{"embeddable":true,"href":"https:\/\/arcus.org.rs\/srb\/wp-json\/wp\/v2\/users\/5"}],"replies":[{"embeddable":true,"href":"https:\/\/arcus.org.rs\/srb\/wp-json\/wp\/v2\/comments?post=267"}],"version-history":[{"count":0,"href":"https:\/\/arcus.org.rs\/srb\/wp-json\/wp\/v2\/pages\/267\/revisions"}],"wp:attachment":[{"href":"https:\/\/arcus.org.rs\/srb\/wp-json\/wp\/v2\/media?parent=267"}],"curies":[{"name":"wp","href":"https:\/\/api.w.org\/{rel}","templated":true}]}}