{"id":448,"date":"2013-12-15T19:13:31","date_gmt":"2013-12-15T18:13:31","guid":{"rendered":"http:\/\/arcus.org.rs\/srb\/?page_id=448"},"modified":"2015-04-17T19:35:10","modified_gmt":"2015-04-17T18:35:10","slug":"botanicka-sekcija","status":"publish","type":"page","link":"https:\/\/arcus.org.rs\/srb\/botanicka-sekcija\/","title":{"rendered":"Botani\u010dka sekcija"},"content":{"rendered":"<p style=\"text-align: justify;\">Druga sekcija formirana u okviru Ekolo\u0161kog dru\u0161tva \u201cArkus\u201d bila je botani\u010dka sekcija, koja je za\u017eivela 2002. godine od strane \u0161a\u010dice ljudi zainteresovanih za botaniku. Naravno, u rad ove sekcije mogao je da se uklju\u010di svaki \u010dlan Dru\u0161tva. Bilo je \u010dlanova koji su bili aktivni u obe postoje\u0107e sekcije. U po\u010detku je rad sekcije aktivno tekao, prvenstveno u vidu botani\u010dkih istra\u017eivanja, kao i kroz predavanja o botani\u010dkim temama. Zahvaljuju\u0107i pomenutim istra\u017eivanjima, izvr\u0161en je popis vrsta drve\u0107a i \u017ebunja u gradskom parku, a zapo\u010deta su i prou\u010davanja biljnog sveta livada na gornjem potezu Zobnati\u010dkog jezera. U me\u0111uvremenu je izvr\u0161en popis vrsta ovog podru\u010dja, koje odslikavaju neprocenjivu botani\u010dku vrednost ostataka nekada\u0161njih livada.<\/p>\n<p style=\"text-align: justify;\">Botani\u010dka sekcija i dalje radi u kontinuitetu, mada su poslednjih godina aktivnosti svedene na letnji EKO-KAMP. I u ovom slu\u010daju se sprovodi veoma zna\u010dajna delatnost, prvenstveno pro\u0161irivanje znanja iz botanike kod mla\u0111ih nara\u0161taja. U sklopu razli\u010ditih pe\u0161a\u010dkih tura organizovanih sa ciljem upoznavanja prirode, stavlja se naglasak na bogat biljni svet na\u0161eg kraja. Ranije se za \u0161iru publiku organizovala pe\u0161a\u010dka tura povodom Dana biodiverziteta, dok je poslednjih godina tzv. \u0160afran-tura postala omiljena me\u0111u Topol\u010danima.<\/p>\n<div id=\"__if72ru4sdfsdfrkjahiuyi_once\" style=\"display: none;\"><\/div>\n<div id=\"__hggasdgjhsagd_once\" style=\"display: none;\"><\/div>\n<div class=\"fcbkbttn_buttons_block\" id=\"fcbkbttn_left\"><div class=\"fcbkbttn_like \"><fb:like href=\"https:\/\/arcus.org.rs\/srb\/botanicka-sekcija\/\" action=\"like\" colorscheme=\"light\" layout=\"standard\" show-faces='false' width=\"450px\" size=\"small\"><\/fb:like><\/div><\/div>","protected":false},"excerpt":{"rendered":"<p>Druga sekcija formirana u okviru Ekolo\u0161kog dru\u0161tva \u201cArkus\u201d bila je botani\u010dka sekcija, koja je za\u017eivela 2002. godine od strane \u0161a\u010dice ljudi zainteresovanih za botaniku. Naravno, u rad ove sekcije mogao je da se uklju\u010di svaki \u010dlan Dru\u0161tva. Bilo je \u010dlanova&hellip; <\/p>\n","protected":false},"author":5,"featured_media":0,"parent":0,"menu_order":0,"comment_status":"closed","ping_status":"open","template":"","meta":{"spay_email":""},"jetpack_shortlink":"https:\/\/wp.me\/P6qRcp-7e","jetpack_sharing_enabled":true,"jetpack_likes_enabled":false,"_links":{"self":[{"href":"https:\/\/arcus.org.rs\/srb\/wp-json\/wp\/v2\/pages\/448"}],"collection":[{"href":"https:\/\/arcus.org.rs\/srb\/wp-json\/wp\/v2\/pages"}],"about":[{"href":"https:\/\/arcus.org.rs\/srb\/wp-json\/wp\/v2\/types\/page"}],"author":[{"embeddable":true,"href":"https:\/\/arcus.org.rs\/srb\/wp-json\/wp\/v2\/users\/5"}],"replies":[{"embeddable":true,"href":"https:\/\/arcus.org.rs\/srb\/wp-json\/wp\/v2\/comments?post=448"}],"version-history":[{"count":0,"href":"https:\/\/arcus.org.rs\/srb\/wp-json\/wp\/v2\/pages\/448\/revisions"}],"wp:attachment":[{"href":"https:\/\/arcus.org.rs\/srb\/wp-json\/wp\/v2\/media?parent=448"}],"curies":[{"name":"wp","href":"https:\/\/api.w.org\/{rel}","templated":true}]}}