{"id":497,"date":"2015-10-17T23:08:22","date_gmt":"2015-10-17T22:08:22","guid":{"rendered":"http:\/\/arcus.org.rs\/srb\/?page_id=497"},"modified":"2016-01-22T23:28:37","modified_gmt":"2016-01-22T22:28:37","slug":"spasavanje-divljih-zivotinja","status":"publish","type":"page","link":"https:\/\/arcus.org.rs\/srb\/spasavanje-divljih-zivotinja\/","title":{"rendered":"Spa\u0161avanje divljih \u017eivotinja"},"content":{"rendered":"<p style=\"text-align: justify;\">Ekolo\u0161ko dru\u0161tvo \u201cArkus\u201d ve\u0107 od samog osnivanja redovno dobija prijave o prona\u0111enim bolesnim, povre\u0111enim ili na neki drugi na\u010din ugro\u017eenim divljim \u017eivotinjama, odnosno o napu\u0161tenim pti\u0107ima i mladuncima divljih sisara. Poslednjih godina broj prijava se pove\u0107ava i zbog toga smo odlu\u010dili da formiramo de\u017eurnu slu\u017ebu za spa\u0161avanje divljih \u017eivotinja. Gra\u0111ani mogu da prijave takve slu\u010dajeve, a na\u0161i aktivisti \u0107e iza\u0107i na teren \u0161to je pre mogu\u0107e i postara\u0107e se da \u017eivotinje \u0161to pre dobiju odgovaraju\u0107u pomo\u0107. Na\u0161e delovanje je pre svega ograni\u010deno na teritoriju op\u0161tina Ba\u010dka Topola i Mali I\u0111o\u0161.<\/p>\n<div id=\"attachment_498\" style=\"width: 275px\" class=\"wp-caption alignleft\"><a href=\"http:\/\/arcus.org.rs\/srb\/wp-content\/uploads\/2016\/01\/b.buteo_.Photo_.Harkai.A..jpg\"><img aria-describedby=\"caption-attachment-498\" loading=\"lazy\" class=\"wp-image-498\" title=\"Povre\u0111eni mi\u0161ar (Photo: Harkai \u00c1kos)\" src=\"http:\/\/arcus.org.rs\/srb\/wp-content\/uploads\/2016\/01\/b.buteo_.Photo_.Harkai.A.-300x200.jpg\" alt=\"Buteo buteo\" width=\"265\" height=\"177\" srcset=\"https:\/\/arcus.org.rs\/srb\/wp-content\/uploads\/2016\/01\/b.buteo_.Photo_.Harkai.A.-300x200.jpg 300w, https:\/\/arcus.org.rs\/srb\/wp-content\/uploads\/2016\/01\/b.buteo_.Photo_.Harkai.A..jpg 840w\" sizes=\"(max-width: 265px) 100vw, 265px\" \/><\/a><p id=\"caption-attachment-498\" class=\"wp-caption-text\">Povre\u0111eni mi\u0161ar (Photo: Harkai \u00c1kos)<\/p><\/div>\n<p style=\"text-align: justify;\">Molimo vas da nas odmah obavestite u slu\u010daju da na\u0111ete <strong>bolesnu<\/strong>, <strong>povre\u0111enu<\/strong> ili na neki <strong>drugi na\u010din<\/strong> ugro\u017eenu \u017eivotinju, napu\u0161tene pti\u0107e divljih ptica ili napu\u0161tene mladunce divljih sisara.<\/p>\n<p style=\"text-align: justify;\"><strong>De\u017eurni telefon: +381-64-94-86-585<\/strong><\/p>\n<p style=\"text-align: justify;\">Godinama smo u kontaktu sa azilom za divlje \u017eivotinje koji funkcioni\u0161e u okviru Zoolo\u0161kog vrta Pali\u0107. Spa\u0161ene \u017eivotinje budu sme\u0161tene u ovaj azil, gde dobijaju adekvatnu i stru\u010dnu veterinarsku pomo\u0107, a posle zavr\u0161ene terapije, ako je mogu\u0107e, na odgovaraju\u0107em mestu budu pu\u0161tene u prirodu.<\/p>\n<p style=\"text-align: justify;\">Ukoliko imate neka pitanja ili nedoumice, pozovite na\u0161 de\u017eurni telefon ili pi\u0161ite u elektronskoj formi (<a href=\"http:\/\/arcus.org.rs\/srb\/kontakt\/\"><em>pisanje poruke<\/em><\/a>).<\/p>\n<p style=\"text-align: justify;\"><em>Va\u017eno je znati da je ve\u0107ina divljih \u017eivotnja pod zakonskom za\u0161titom i da njihovo uni\u0161tavanje predstavlja prekr\u0161aj ka\u017enjiv nov\u010danom kaznom.<\/em><\/p>\n<div class=\"fcbkbttn_buttons_block\" id=\"fcbkbttn_left\"><div class=\"fcbkbttn_like \"><fb:like href=\"https:\/\/arcus.org.rs\/srb\/spasavanje-divljih-zivotinja\/\" action=\"like\" colorscheme=\"light\" layout=\"standard\" show-faces='false' width=\"450px\" size=\"small\"><\/fb:like><\/div><\/div>","protected":false},"excerpt":{"rendered":"<p>Ekolo\u0161ko dru\u0161tvo \u201cArkus\u201d ve\u0107 od samog osnivanja redovno dobija prijave o prona\u0111enim bolesnim, povre\u0111enim ili na neki drugi na\u010din ugro\u017eenim divljim \u017eivotinjama, odnosno o napu\u0161tenim pti\u0107ima i mladuncima divljih sisara. Poslednjih godina broj prijava se pove\u0107ava i zbog toga smo&hellip; <\/p>\n","protected":false},"author":5,"featured_media":0,"parent":0,"menu_order":0,"comment_status":"closed","ping_status":"open","template":"","meta":{"spay_email":""},"jetpack_shortlink":"https:\/\/wp.me\/P6qRcp-81","jetpack_sharing_enabled":true,"jetpack_likes_enabled":false,"_links":{"self":[{"href":"https:\/\/arcus.org.rs\/srb\/wp-json\/wp\/v2\/pages\/497"}],"collection":[{"href":"https:\/\/arcus.org.rs\/srb\/wp-json\/wp\/v2\/pages"}],"about":[{"href":"https:\/\/arcus.org.rs\/srb\/wp-json\/wp\/v2\/types\/page"}],"author":[{"embeddable":true,"href":"https:\/\/arcus.org.rs\/srb\/wp-json\/wp\/v2\/users\/5"}],"replies":[{"embeddable":true,"href":"https:\/\/arcus.org.rs\/srb\/wp-json\/wp\/v2\/comments?post=497"}],"version-history":[{"count":0,"href":"https:\/\/arcus.org.rs\/srb\/wp-json\/wp\/v2\/pages\/497\/revisions"}],"wp:attachment":[{"href":"https:\/\/arcus.org.rs\/srb\/wp-json\/wp\/v2\/media?parent=497"}],"curies":[{"name":"wp","href":"https:\/\/api.w.org\/{rel}","templated":true}]}}